{"id":16108,"date":"2019-01-09T09:35:26","date_gmt":"2019-01-09T08:35:26","guid":{"rendered":"http:\/\/www.hotelfertel.com\/new\/hotels-fertel\/"},"modified":"2024-03-13T12:42:33","modified_gmt":"2024-03-13T11:42:33","slug":"hotels-fertel-paris","status":"publish","type":"page","link":"https:\/\/www.hotelfertel.com\/pt-br\/hotels-fertel-paris\/","title":{"rendered":"Nossos Hot\u00e9is"},"content":{"rendered":"<p>[vc_row css_animation=&#8221;&#8221; row_type=&#8221;row&#8221; use_row_as_full_screen_section=&#8221;no&#8221; type=&#8221;grid&#8221; angled_section=&#8221;no&#8221; text_align=&#8221;left&#8221; background_image_as_pattern=&#8221;without_pattern&#8221; background_color=&#8221;#ffffff&#8221; padding_top=&#8221;100&#8243; padding_bottom=&#8221;59&#8243; z_index=&#8221;&#8221; css=&#8221;.vc_custom_1561119642880{margin-left: 0px !important;padding-top: 50px !important;padding-left: 0px !important;}&#8221;][vc_column width=&#8221;1\/2&#8243;][vc_single_image image=&#8221;15501&#8243; img_size=&#8221;full&#8221; alignment=&#8221;right&#8221; style=&#8221;vc_box_shadow_3d&#8221; qode_css_animation=&#8221;&#8221;][vc_separator type=&#8221;transparent&#8221; up=&#8221;40&#8243; down=&#8221;0&#8243;][\/vc_column][vc_column width=&#8221;1\/2&#8243; css=&#8221;.vc_custom_1561114973600{border-top-width: 2px !important;border-right-width: 2px !important;border-bottom-width: 2px !important;border-left-width: 2px !important;padding-right: 20px !important;padding-bottom: 50px !important;padding-left: 20px !important;background-color: #ffffff !important;border-left-color: #952e46 !important;border-right-color: #952e46 !important;border-top-color: #952e46 !important;border-bottom-color: #952e46 !important;}&#8221; el_class=&#8221;bg-descendu&#8221;][vc_column_text]<\/p>\n<h3 style=\"text-align: left; color: #952e46;\"><span style=\"color: #c54644;\">HOTEL FERTEL ETOILE\u00a0 \u2605\u2605\u2605<\/span><\/h3>\n<p>[\/vc_column_text][vc_separator type=&#8221;transparent&#8221; up=&#8221;40&#8243; down=&#8221;0&#8243;][vc_column_text]<span style=\"color: #c54644;\">No cora\u00e7\u00e3o do 17\u00ba distrito, perto da pra\u00e7a de l&#8217;\u00c9toile, do Arco do Triunfo e da famosa avenida Champs-Elys\u00e9es, o Hotel Fertel Etoile \u00e9 um hotel 3 estrelas, confort\u00e1vel, contempor\u00e2neo e cordial.<\/span>[\/vc_column_text][vc_separator type=&#8221;transparent&#8221; up=&#8221;40&#8243; down=&#8221;0&#8243;][vc_row_inner row_type=&#8221;row&#8221; type=&#8221;full_width&#8221; text_align=&#8221;left&#8221; css_animation=&#8221;&#8221;][vc_column_inner width=&#8221;1\/2&#8243;]<a  itemprop=\"url\" href=\"http:\/\/www.hotelfertel.com\/pt-br\/hotel-fertel-etoile-paris\/\" target=\"_self\" data-hover-background-color=#ffffff data-hover-border-color=#c54644 data-hover-color=#c54644 class=\"qbutton  left default\" style=\"color: #ffffff; border-color: #c54644; background-color: #c54644;\">Saiba mars<i class=\"qode_icon_font_awesome fa fa-info-circle qode_button_icon_element\" style=\"color: #ffffff;\" ><\/i><\/a>[\/vc_column_inner][vc_column_inner width=&#8221;1\/2&#8243;]<a  itemprop=\"url\" href=\"https:\/\/www.secure-hotel-booking.com\/hotelFertel-Etoile\/232U\/?language=PT\" target=\"_blank\" data-hover-background-color=#ffffff data-hover-border-color=#c54644 data-hover-color=#c54644 class=\"qbutton  left default\" style=\"color: #ffffff; border-color: #c54644; background-color: #c54644;\">RESERVAR<i class=\"qode_icon_font_awesome fa fa-calendar qode_button_icon_element\" style=\"color: #ffffff;\" ><\/i><\/a>[\/vc_column_inner][\/vc_row_inner][\/vc_column][\/vc_row][vc_row css_animation=&#8221;&#8221; row_type=&#8221;row&#8221; use_row_as_full_screen_section=&#8221;no&#8221; type=&#8221;grid&#8221; angled_section=&#8221;no&#8221; text_align=&#8221;left&#8221; background_image_as_pattern=&#8221;without_pattern&#8221; background_color=&#8221;#ffffff&#8221; padding_top=&#8221;100&#8243; padding_bottom=&#8221;59&#8243; z_index=&#8221;&#8221; css=&#8221;.vc_custom_1561119602079{margin-left: 0px !important;padding-top: 20px !important;padding-left: 0px !important;}&#8221;][vc_column width=&#8221;1\/2&#8243;][vc_single_image image=&#8221;15975&#8243; img_size=&#8221;full&#8221; alignment=&#8221;right&#8221; style=&#8221;vc_box_shadow_3d&#8221; qode_css_animation=&#8221;&#8221;][vc_separator type=&#8221;transparent&#8221; up=&#8221;40&#8243; down=&#8221;0&#8243;][\/vc_column][vc_column width=&#8221;1\/2&#8243; css=&#8221;.vc_custom_1561119479959{border-top-width: 2px !important;border-right-width: 2px !important;border-bottom-width: 2px !important;border-left-width: 2px !important;padding-right: 20px !important;padding-bottom: 50px !important;padding-left: 20px !important;background-color: #ffffff !important;border-left-color: #485979 !important;border-right-color: #485979 !important;border-top-color: #485979 !important;border-bottom-color: #485979 !important;}&#8221; el_class=&#8221;bg-descendu-2&#8243;][vc_column_text]<\/p>\n<h3 style=\"text-align: left;\">HOTEL FERTEL MAILLOT\u00a0 \u2605\u2605\u2605<\/h3>\n<p>[\/vc_column_text][vc_separator type=&#8221;transparent&#8221; up=&#8221;40&#8243; down=&#8221;0&#8243;][vc_column_text]No cora\u00e7\u00e3o do 17\u00ba distrito, em uma \u00e1rea residencial e segura, o Hotel Fertel Maillot \u00e9 um hotel tr\u00eas estrelas, bem iluminado, contempor\u00e2neo e cordial, localizado perto do Pal\u00e1cio do Congresso de Porte Maillot, do Arco do Triunfo e das lojas da Champs-Elys\u00e9e. Nossos quartos recentemente reformados est\u00e3o decorados e com vista para os telhados de Paris.[\/vc_column_text][vc_separator type=&#8221;transparent&#8221; up=&#8221;40&#8243; down=&#8221;0&#8243;][vc_row_inner row_type=&#8221;row&#8221; type=&#8221;full_width&#8221; text_align=&#8221;left&#8221; css_animation=&#8221;&#8221;][vc_column_inner width=&#8221;1\/2&#8243;]<a  itemprop=\"url\" href=\"http:\/\/www.hotelfertel.com\/pt-br\/hotel-fertel-maillot-paris\/\" target=\"_self\"  class=\"qbutton  left default\" style=\"\">Saiba mais<i class=\"qode_icon_font_awesome fa fa-info-circle qode_button_icon_element\" style=\"color: #ffffff;\" ><\/i><\/a>[\/vc_column_inner][vc_column_inner width=&#8221;1\/2&#8243;]<a  itemprop=\"url\" href=\"https:\/\/www.secure-hotel-booking.com\/hotelFertel-Etoile\/232U\/?language=PT\" target=\"_blank\"  class=\"qbutton  left default\" style=\"\">RESERVAR<i class=\"qode_icon_font_awesome fa fa-calendar qode_button_icon_element\" style=\"color: #ffffff;\" ><\/i><\/a>[\/vc_column_inner][\/vc_row_inner][\/vc_column][\/vc_row]<\/p>\n","protected":false},"excerpt":{"rendered":"<p>[vc_row css_animation=&#8221;&#8221; row_type=&#8221;row&#8221; use_row_as_full_screen_section=&#8221;no&#8221; type=&#8221;grid&#8221; angled_section=&#8221;no&#8221; text_align=&#8221;left&#8221; background_image_as_pattern=&#8221;without_pattern&#8221; background_color=&#8221;#ffffff&#8221; padding_top=&#8221;100&#8243; padding_bottom=&#8221;59&#8243; z_index=&#8221;&#8221; css=&#8221;.vc_custom_1561119642880{margin-left: 0px !important;padding-top: 50px !important;padding-left: 0px !important;}&#8221;][vc_column width=&#8221;1\/2&#8243;][vc_single_image image=&#8221;15501&#8243; img_size=&#8221;full&#8221; alignment=&#8221;right&#8221; style=&#8221;vc_box_shadow_3d&#8221; qode_css_animation=&#8221;&#8221;][vc_separator type=&#8221;transparent&#8221; up=&#8221;40&#8243; down=&#8221;0&#8243;][\/vc_column][vc_column width=&#8221;1\/2&#8243; css=&#8221;.vc_custom_1561114973600{border-top-width: 2px !important;border-right-width: 2px !important;border-bottom-width: 2px !important;border-left-width: 2px !important;padding-right: 20px !important;padding-bottom: 50px !important;padding-left: 20px !important;background-color: #ffffff !important;border-left-color: #952e46 !important;border-right-color: #952e46 !important;border-top-color: #952e46 !important;border-bottom-color: #952e46 !important;}&#8221; el_class=&#8221;bg-descendu&#8221;][vc_column_text] HOTEL FERTEL ETOILE\u00a0 \u2605\u2605\u2605 [\/vc_column_text][vc_separator type=&#8221;transparent&#8221; up=&#8221;40&#8243; down=&#8221;0&#8243;][vc_column_text]No cora\u00e7\u00e3o do 17\u00ba distrito, perto da pra\u00e7a de l&#8217;\u00c9toile, do Arco do Triunfo e da famosa avenida Champs-Elys\u00e9es, o Hotel Fertel Etoile \u00e9 um hotel 3 estrelas, confort\u00e1vel, contempor\u00e2neo e cordial.[\/vc_column_text][vc_separator type=&#8221;transparent&#8221; up=&#8221;40&#8243; down=&#8221;0&#8243;][vc_row_inner row_type=&#8221;row&#8221; type=&#8221;full_width&#8221; text_align=&#8221;left&#8221; css_animation=&#8221;&#8221;][vc_column_inner width=&#8221;1\/2&#8243;][\/vc_column_inner][vc_column_inner width=&#8221;1\/2&#8243;][\/vc_column_inner][\/vc_row_inner][\/vc_column][\/vc_row][vc_row css_animation=&#8221;&#8221; row_type=&#8221;row&#8221; use_row_as_full_screen_section=&#8221;no&#8221; type=&#8221;grid&#8221; angled_section=&#8221;no&#8221; text_align=&#8221;left&#8221; background_image_as_pattern=&#8221;without_pattern&#8221; background_color=&#8221;#ffffff&#8221; padding_top=&#8221;100&#8243; padding_bottom=&#8221;59&#8243; z_index=&#8221;&#8221; css=&#8221;.vc_custom_1561119602079{margin-left: 0px !important;padding-top: 20px !important;padding-left: 0px !important;}&#8221;][vc_column width=&#8221;1\/2&#8243;][vc_single_image image=&#8221;15975&#8243; img_size=&#8221;full&#8221; alignment=&#8221;right&#8221; style=&#8221;vc_box_shadow_3d&#8221; qode_css_animation=&#8221;&#8221;][vc_separator type=&#8221;transparent&#8221; up=&#8221;40&#8243; down=&#8221;0&#8243;][\/vc_column][vc_column width=&#8221;1\/2&#8243; css=&#8221;.vc_custom_1561119479959{border-top-width: 2px !important;border-right-width: 2px !important;border-bottom-width: 2px !important;border-left-width: 2px !important;padding-right: 20px !important;padding-bottom: 50px !important;padding-left: 20px !important;background-color: #ffffff !important;border-left-color: #485979 !important;border-right-color:&#8230;<\/p>\n","protected":false},"author":1,"featured_media":0,"parent":0,"menu_order":0,"comment_status":"open","ping_status":"open","template":"full_width.php","meta":{"footnotes":""},"class_list":["post-16108","page","type-page","status-publish","hentry"],"yoast_head":"<!-- This site is optimized with the Yoast SEO plugin v27.3 - https:\/\/yoast.com\/product\/yoast-seo-wordpress\/ -->\n<title>Nossos Hot\u00e9is - H\u00f4tels Fertel<\/title>\n<meta name=\"robots\" content=\"index, follow, max-snippet:-1, max-image-preview:large, max-video-preview:-1\" \/>\n<link rel=\"canonical\" href=\"https:\/\/www.hotelfertel.com\/pt-br\/hotels-fertel-paris\/\" \/>\n<meta property=\"og:locale\" content=\"pt_BR\" \/>\n<meta property=\"og:type\" content=\"article\" \/>\n<meta property=\"og:title\" content=\"Nossos Hot\u00e9is - H\u00f4tels Fertel\" \/>\n<meta property=\"og:description\" content=\"[vc_row css_animation=&#8221;&#8221; row_type=&#8221;row&#8221; use_row_as_full_screen_section=&#8221;no&#8221; type=&#8221;grid&#8221; angled_section=&#8221;no&#8221; text_align=&#8221;left&#8221; background_image_as_pattern=&#8221;without_pattern&#8221; background_color=&#8221;#ffffff&#8221; padding_top=&#8221;100&#8243; padding_bottom=&#8221;59&#8243; z_index=&#8221;&#8221; css=&#8221;.vc_custom_1561119642880{margin-left: 0px !important;padding-top: 50px !important;padding-left: 0px !important;}&#8221;][vc_column width=&#8221;1\/2&#8243;][vc_single_image image=&#8221;15501&#8243; img_size=&#8221;full&#8221; alignment=&#8221;right&#8221; style=&#8221;vc_box_shadow_3d&#8221; qode_css_animation=&#8221;&#8221;][vc_separator type=&#8221;transparent&#8221; up=&#8221;40&#8243; down=&#8221;0&#8243;][\/vc_column][vc_column width=&#8221;1\/2&#8243; css=&#8221;.vc_custom_1561114973600{border-top-width: 2px !important;border-right-width: 2px !important;border-bottom-width: 2px !important;border-left-width: 2px !important;padding-right: 20px !important;padding-bottom: 50px !important;padding-left: 20px !important;background-color: #ffffff !important;border-left-color: #952e46 !important;border-right-color: #952e46 !important;border-top-color: #952e46 !important;border-bottom-color: #952e46 !important;}&#8221; el_class=&#8221;bg-descendu&#8221;][vc_column_text] HOTEL FERTEL ETOILE\u00a0 \u2605\u2605\u2605 [\/vc_column_text][vc_separator type=&#8221;transparent&#8221; up=&#8221;40&#8243; down=&#8221;0&#8243;][vc_column_text]No cora\u00e7\u00e3o do 17\u00ba distrito, perto da pra\u00e7a de l&#8217;\u00c9toile, do Arco do Triunfo e da famosa avenida Champs-Elys\u00e9es, o Hotel Fertel Etoile \u00e9 um hotel 3 estrelas, confort\u00e1vel, contempor\u00e2neo e cordial.[\/vc_column_text][vc_separator type=&#8221;transparent&#8221; up=&#8221;40&#8243; down=&#8221;0&#8243;][vc_row_inner row_type=&#8221;row&#8221; type=&#8221;full_width&#8221; text_align=&#8221;left&#8221; css_animation=&#8221;&#8221;][vc_column_inner width=&#8221;1\/2&#8243;][\/vc_column_inner][vc_column_inner width=&#8221;1\/2&#8243;][\/vc_column_inner][\/vc_row_inner][\/vc_column][\/vc_row][vc_row css_animation=&#8221;&#8221; row_type=&#8221;row&#8221; use_row_as_full_screen_section=&#8221;no&#8221; type=&#8221;grid&#8221; angled_section=&#8221;no&#8221; text_align=&#8221;left&#8221; background_image_as_pattern=&#8221;without_pattern&#8221; background_color=&#8221;#ffffff&#8221; padding_top=&#8221;100&#8243; padding_bottom=&#8221;59&#8243; z_index=&#8221;&#8221; css=&#8221;.vc_custom_1561119602079{margin-left: 0px !important;padding-top: 20px !important;padding-left: 0px !important;}&#8221;][vc_column width=&#8221;1\/2&#8243;][vc_single_image image=&#8221;15975&#8243; img_size=&#8221;full&#8221; alignment=&#8221;right&#8221; style=&#8221;vc_box_shadow_3d&#8221; qode_css_animation=&#8221;&#8221;][vc_separator type=&#8221;transparent&#8221; up=&#8221;40&#8243; down=&#8221;0&#8243;][\/vc_column][vc_column width=&#8221;1\/2&#8243; css=&#8221;.vc_custom_1561119479959{border-top-width: 2px !important;border-right-width: 2px !important;border-bottom-width: 2px !important;border-left-width: 2px !important;padding-right: 20px !important;padding-bottom: 50px !important;padding-left: 20px !important;background-color: #ffffff !important;border-left-color: #485979 !important;border-right-color:...\" \/>\n<meta property=\"og:url\" content=\"https:\/\/www.hotelfertel.com\/pt-br\/hotels-fertel-paris\/\" \/>\n<meta property=\"og:site_name\" content=\"H\u00f4tels Fertel\" \/>\n<meta property=\"article:modified_time\" content=\"2024-03-13T11:42:33+00:00\" \/>\n<meta name=\"twitter:card\" content=\"summary_large_image\" \/>\n<meta name=\"twitter:label1\" content=\"Est. tempo de leitura\" \/>\n\t<meta name=\"twitter:data1\" content=\"2 minutos\" \/>\n<script type=\"application\/ld+json\" class=\"yoast-schema-graph\">{\"@context\":\"https:\\\/\\\/schema.org\",\"@graph\":[{\"@type\":\"WebPage\",\"@id\":\"https:\\\/\\\/www.hotelfertel.com\\\/pt-br\\\/hotels-fertel-paris\\\/\",\"url\":\"https:\\\/\\\/www.hotelfertel.com\\\/pt-br\\\/hotels-fertel-paris\\\/\",\"name\":\"Nossos Hot\u00e9is - H\u00f4tels Fertel\",\"isPartOf\":{\"@id\":\"https:\\\/\\\/www.hotelfertel.com\\\/#website\"},\"datePublished\":\"2019-01-09T08:35:26+00:00\",\"dateModified\":\"2024-03-13T11:42:33+00:00\",\"breadcrumb\":{\"@id\":\"https:\\\/\\\/www.hotelfertel.com\\\/pt-br\\\/hotels-fertel-paris\\\/#breadcrumb\"},\"inLanguage\":\"pt-BR\",\"potentialAction\":[{\"@type\":\"ReadAction\",\"target\":[\"https:\\\/\\\/www.hotelfertel.com\\\/pt-br\\\/hotels-fertel-paris\\\/\"]}]},{\"@type\":\"BreadcrumbList\",\"@id\":\"https:\\\/\\\/www.hotelfertel.com\\\/pt-br\\\/hotels-fertel-paris\\\/#breadcrumb\",\"itemListElement\":[{\"@type\":\"ListItem\",\"position\":1,\"name\":\"Accueil\",\"item\":\"https:\\\/\\\/www.hotelfertel.com\\\/pt-br\\\/\"},{\"@type\":\"ListItem\",\"position\":2,\"name\":\"Nossos Hot\u00e9is\"}]},{\"@type\":\"WebSite\",\"@id\":\"https:\\\/\\\/www.hotelfertel.com\\\/#website\",\"url\":\"https:\\\/\\\/www.hotelfertel.com\\\/\",\"name\":\"H\u00f4tels Fertel\",\"description\":\"H\u00f4tels 3 \u00e9toiles \u00e0 Paris proche de l&#039;Eoile et la Porte Maillot\",\"potentialAction\":[{\"@type\":\"SearchAction\",\"target\":{\"@type\":\"EntryPoint\",\"urlTemplate\":\"https:\\\/\\\/www.hotelfertel.com\\\/?s={search_term_string}\"},\"query-input\":{\"@type\":\"PropertyValueSpecification\",\"valueRequired\":true,\"valueName\":\"search_term_string\"}}],\"inLanguage\":\"pt-BR\"}]}<\/script>\n<!-- \/ Yoast SEO plugin. -->","yoast_head_json":{"title":"Nossos Hot\u00e9is - H\u00f4tels Fertel","robots":{"index":"index","follow":"follow","max-snippet":"max-snippet:-1","max-image-preview":"max-image-preview:large","max-video-preview":"max-video-preview:-1"},"canonical":"https:\/\/www.hotelfertel.com\/pt-br\/hotels-fertel-paris\/","og_locale":"pt_BR","og_type":"article","og_title":"Nossos Hot\u00e9is - H\u00f4tels Fertel","og_description":"[vc_row css_animation=&#8221;&#8221; row_type=&#8221;row&#8221; use_row_as_full_screen_section=&#8221;no&#8221; type=&#8221;grid&#8221; angled_section=&#8221;no&#8221; text_align=&#8221;left&#8221; background_image_as_pattern=&#8221;without_pattern&#8221; background_color=&#8221;#ffffff&#8221; padding_top=&#8221;100&#8243; padding_bottom=&#8221;59&#8243; z_index=&#8221;&#8221; css=&#8221;.vc_custom_1561119642880{margin-left: 0px !important;padding-top: 50px !important;padding-left: 0px !important;}&#8221;][vc_column width=&#8221;1\/2&#8243;][vc_single_image image=&#8221;15501&#8243; img_size=&#8221;full&#8221; alignment=&#8221;right&#8221; style=&#8221;vc_box_shadow_3d&#8221; qode_css_animation=&#8221;&#8221;][vc_separator type=&#8221;transparent&#8221; up=&#8221;40&#8243; down=&#8221;0&#8243;][\/vc_column][vc_column width=&#8221;1\/2&#8243; css=&#8221;.vc_custom_1561114973600{border-top-width: 2px !important;border-right-width: 2px !important;border-bottom-width: 2px !important;border-left-width: 2px !important;padding-right: 20px !important;padding-bottom: 50px !important;padding-left: 20px !important;background-color: #ffffff !important;border-left-color: #952e46 !important;border-right-color: #952e46 !important;border-top-color: #952e46 !important;border-bottom-color: #952e46 !important;}&#8221; el_class=&#8221;bg-descendu&#8221;][vc_column_text] HOTEL FERTEL ETOILE\u00a0 \u2605\u2605\u2605 [\/vc_column_text][vc_separator type=&#8221;transparent&#8221; up=&#8221;40&#8243; down=&#8221;0&#8243;][vc_column_text]No cora\u00e7\u00e3o do 17\u00ba distrito, perto da pra\u00e7a de l&#8217;\u00c9toile, do Arco do Triunfo e da famosa avenida Champs-Elys\u00e9es, o Hotel Fertel Etoile \u00e9 um hotel 3 estrelas, confort\u00e1vel, contempor\u00e2neo e cordial.[\/vc_column_text][vc_separator type=&#8221;transparent&#8221; up=&#8221;40&#8243; down=&#8221;0&#8243;][vc_row_inner row_type=&#8221;row&#8221; type=&#8221;full_width&#8221; text_align=&#8221;left&#8221; css_animation=&#8221;&#8221;][vc_column_inner width=&#8221;1\/2&#8243;][\/vc_column_inner][vc_column_inner width=&#8221;1\/2&#8243;][\/vc_column_inner][\/vc_row_inner][\/vc_column][\/vc_row][vc_row css_animation=&#8221;&#8221; row_type=&#8221;row&#8221; use_row_as_full_screen_section=&#8221;no&#8221; type=&#8221;grid&#8221; angled_section=&#8221;no&#8221; text_align=&#8221;left&#8221; background_image_as_pattern=&#8221;without_pattern&#8221; background_color=&#8221;#ffffff&#8221; padding_top=&#8221;100&#8243; padding_bottom=&#8221;59&#8243; z_index=&#8221;&#8221; css=&#8221;.vc_custom_1561119602079{margin-left: 0px !important;padding-top: 20px !important;padding-left: 0px !important;}&#8221;][vc_column width=&#8221;1\/2&#8243;][vc_single_image image=&#8221;15975&#8243; img_size=&#8221;full&#8221; alignment=&#8221;right&#8221; style=&#8221;vc_box_shadow_3d&#8221; qode_css_animation=&#8221;&#8221;][vc_separator type=&#8221;transparent&#8221; up=&#8221;40&#8243; down=&#8221;0&#8243;][\/vc_column][vc_column width=&#8221;1\/2&#8243; css=&#8221;.vc_custom_1561119479959{border-top-width: 2px !important;border-right-width: 2px !important;border-bottom-width: 2px !important;border-left-width: 2px !important;padding-right: 20px !important;padding-bottom: 50px !important;padding-left: 20px !important;background-color: #ffffff !important;border-left-color: #485979 !important;border-right-color:...","og_url":"https:\/\/www.hotelfertel.com\/pt-br\/hotels-fertel-paris\/","og_site_name":"H\u00f4tels Fertel","article_modified_time":"2024-03-13T11:42:33+00:00","twitter_card":"summary_large_image","twitter_misc":{"Est. tempo de leitura":"2 minutos"},"schema":{"@context":"https:\/\/schema.org","@graph":[{"@type":"WebPage","@id":"https:\/\/www.hotelfertel.com\/pt-br\/hotels-fertel-paris\/","url":"https:\/\/www.hotelfertel.com\/pt-br\/hotels-fertel-paris\/","name":"Nossos Hot\u00e9is - H\u00f4tels Fertel","isPartOf":{"@id":"https:\/\/www.hotelfertel.com\/#website"},"datePublished":"2019-01-09T08:35:26+00:00","dateModified":"2024-03-13T11:42:33+00:00","breadcrumb":{"@id":"https:\/\/www.hotelfertel.com\/pt-br\/hotels-fertel-paris\/#breadcrumb"},"inLanguage":"pt-BR","potentialAction":[{"@type":"ReadAction","target":["https:\/\/www.hotelfertel.com\/pt-br\/hotels-fertel-paris\/"]}]},{"@type":"BreadcrumbList","@id":"https:\/\/www.hotelfertel.com\/pt-br\/hotels-fertel-paris\/#breadcrumb","itemListElement":[{"@type":"ListItem","position":1,"name":"Accueil","item":"https:\/\/www.hotelfertel.com\/pt-br\/"},{"@type":"ListItem","position":2,"name":"Nossos Hot\u00e9is"}]},{"@type":"WebSite","@id":"https:\/\/www.hotelfertel.com\/#website","url":"https:\/\/www.hotelfertel.com\/","name":"H\u00f4tels Fertel","description":"H\u00f4tels 3 \u00e9toiles \u00e0 Paris proche de l&#039;Eoile et la Porte Maillot","potentialAction":[{"@type":"SearchAction","target":{"@type":"EntryPoint","urlTemplate":"https:\/\/www.hotelfertel.com\/?s={search_term_string}"},"query-input":{"@type":"PropertyValueSpecification","valueRequired":true,"valueName":"search_term_string"}}],"inLanguage":"pt-BR"}]}},"_links":{"self":[{"href":"https:\/\/www.hotelfertel.com\/pt-br\/wp-json\/wp\/v2\/pages\/16108","targetHints":{"allow":["GET"]}}],"collection":[{"href":"https:\/\/www.hotelfertel.com\/pt-br\/wp-json\/wp\/v2\/pages"}],"about":[{"href":"https:\/\/www.hotelfertel.com\/pt-br\/wp-json\/wp\/v2\/types\/page"}],"author":[{"embeddable":true,"href":"https:\/\/www.hotelfertel.com\/pt-br\/wp-json\/wp\/v2\/users\/1"}],"replies":[{"embeddable":true,"href":"https:\/\/www.hotelfertel.com\/pt-br\/wp-json\/wp\/v2\/comments?post=16108"}],"version-history":[{"count":5,"href":"https:\/\/www.hotelfertel.com\/pt-br\/wp-json\/wp\/v2\/pages\/16108\/revisions"}],"predecessor-version":[{"id":16363,"href":"https:\/\/www.hotelfertel.com\/pt-br\/wp-json\/wp\/v2\/pages\/16108\/revisions\/16363"}],"wp:attachment":[{"href":"https:\/\/www.hotelfertel.com\/pt-br\/wp-json\/wp\/v2\/media?parent=16108"}],"curies":[{"name":"wp","href":"https:\/\/api.w.org\/{rel}","templated":true}]}}