{"id":16100,"date":"2015-05-12T12:22:45","date_gmt":"2015-05-12T12:22:45","guid":{"rendered":"http:\/\/www.hotelfertel.com\/new\/home\/"},"modified":"2020-01-10T06:46:55","modified_gmt":"2020-01-10T05:46:55","slug":"home","status":"publish","type":"page","link":"https:\/\/www.hotelfertel.com\/pt-br\/","title":{"rendered":"Home"},"content":{"rendered":"<p>[vc_row css_animation=&#8221;&#8221; row_type=&#8221;row&#8221; use_row_as_full_screen_section=&#8221;no&#8221; type=&#8221;grid&#8221; angled_section=&#8221;no&#8221; text_align=&#8221;center&#8221; background_image_as_pattern=&#8221;without_pattern&#8221; padding_top=&#8221;82&#8243; padding_bottom=&#8221;50&#8243; css=&#8221;.vc_custom_1547021711312{margin-bottom: 0px !important;padding-bottom: 0px !important;}&#8221; z_index=&#8221;&#8221;][vc_column offset=&#8221;vc_col-lg-offset-2 vc_col-lg-8 vc_col-md-offset-1 vc_col-md-10&#8243;][vc_column_text]<\/p>\n<h4 style=\"text-align: center;\"><strong>HOT\u00c9IS FERTEL PARIS<\/strong><\/h4>\n<p>[\/vc_column_text][vc_separator type=&#8221;transparent&#8221; up=&#8221;20&#8243; down=&#8221;0&#8243;][vc_column_text]<\/p>\n<h4 style=\"text-align: center;\"><strong>Dois hot\u00e9is familiares parisienses <\/strong><\/h4>\n<h4 style=\"text-align: center;\"><strong>onde reina harmonia, conforto, modernidade e cordialidade.<\/strong><\/h4>\n<p>&nbsp;<\/p>\n<p style=\"text-align: center;\">Nossas equipes da recep\u00e7\u00e3o recebem e orientam voc\u00ea em franc\u00eas, ingl\u00eas e espanhol durante sua estadia em Paris.<\/p>\n<p>&nbsp;<\/p>\n<p style=\"text-align: center;\">Inteiramente para n\u00e3o-fumantes, nossos hot\u00e9is s\u00e3o acess\u00edveis \u00e0s pessoas com mobilidade reduzida.<\/p>\n<p>&nbsp;<\/p>\n<p style=\"text-align: center;\">Nossos caf\u00e9s da manh\u00e3 buffet s\u00e3o servidos todos os dias das 7h \u00e0s 10h:<\/p>\n<p style=\"text-align: center;\">suco de frutas, caf\u00e9, ch\u00e1, chocolate quente, frutas frescas, p\u00e3es e folhados, queijos, leite, iogurtes,<\/p>\n<p style=\"text-align: center;\">cereais, compotas e salada de frutas.<\/p>\n<p>[\/vc_column_text][vc_empty_space][\/vc_column][\/vc_row][vc_row css_animation=&#8221;&#8221; row_type=&#8221;row&#8221; use_row_as_full_screen_section=&#8221;no&#8221; type=&#8221;grid&#8221; angled_section=&#8221;no&#8221; text_align=&#8221;center&#8221; background_image_as_pattern=&#8221;without_pattern&#8221; padding_top=&#8221;82&#8243; padding_bottom=&#8221;50&#8243; css=&#8221;.vc_custom_1547021721069{margin-top: 20px !important;padding-top: 0px !important;}&#8221; z_index=&#8221;&#8221;][vc_column width=&#8221;1\/2&#8243; offset=&#8221;vc_col-lg-6 vc_col-md-6&#8243;][vc_column_text]<\/p>\n<h3 style=\"text-align: center;\"><a href=\"https:\/\/www.hotelfertel.com\/pt-br\/hotel-fertel-etoile-paris\/\">HOTEL FERTEL ETOILE PARIS<\/a><\/h3>\n<h3 style=\"text-align: center;\">\u2605\u2605\u2605<\/h3>\n<p>[\/vc_column_text][vc_separator type=&#8221;transparent&#8221; up=&#8221;20&#8243; down=&#8221;0&#8243;][vc_single_image image=&#8221;15500&#8243; img_size=&#8221;full&#8221; onclick=&#8221;custom_link&#8221; qode_css_animation=&#8221;&#8221; link=&#8221;https:\/\/www.hotelfertel.com\/pt-br\/hotel-fertel-etoile-paris\/&#8221;][vc_separator type=&#8221;transparent&#8221; up=&#8221;20&#8243; down=&#8221;0&#8243;][vc_column_text]<\/p>\n<p style=\"text-align: justify;\">No cora\u00e7\u00e3o do 17\u00ba distrito, o Hotel Fertel Etoile \u00e9 um hotel de 3 estrelas que possui uma \u00f3tima localiza\u00e7\u00e3o perto da pra\u00e7a de l&#8217;\u00c9toile, do Arco do Triunfo e da famosa avenida Champs-Elys\u00e9es.<\/p>\n<p style=\"text-align: justify;\">Um hotel acolhedor com 51 quartos em um bairro comercial e animado. Desfrute de Paris como um verdadeiro parisiense.<\/p>\n<p>[\/vc_column_text][\/vc_column][vc_column width=&#8221;1\/2&#8243;][vc_column_text]<\/p>\n<h3 style=\"text-align: center;\"><a href=\"https:\/\/www.hotelfertel.com\/pt-br\/hotel-fertel-maillot-paris\/\">HOTEL FERTEL MAILLOT PARIS<\/a><\/h3>\n<h3 style=\"text-align: center;\">\u2605\u2605\u2605<\/h3>\n<p>[\/vc_column_text][vc_separator type=&#8221;transparent&#8221; up=&#8221;20&#8243; down=&#8221;0&#8243;][vc_single_image image=&#8221;15535&#8243; img_size=&#8221;full&#8221; onclick=&#8221;custom_link&#8221; qode_css_animation=&#8221;&#8221; link=&#8221;https:\/\/www.hotelfertel.com\/pt-br\/hotel-fertel-maillot-paris\/&#8221;][vc_separator type=&#8221;transparent&#8221; up=&#8221;20&#8243; down=&#8221;0&#8243;][vc_column_text]<\/p>\n<p style=\"text-align: justify;\">NNo cora\u00e7\u00e3o do 17\u00ba distrito, em uma \u00e1rea residencial e segura, o Hotel Fertel Maillot \u00e9 um hotel de 3 estrelas, localizado perto do Pal\u00e1cio do Congresso de Porte Maillot, do Arco do Triunfo e das lojas da Champs-Elys\u00e9es.<\/p>\n<p style=\"text-align: justify;\">Um hotel bem iluminado, recentemente reformado que disp\u00f5e de 35 quartos decorados com vista para os telhados de Paris feitos pelo artista Chantal Cyprien.<\/p>\n<p>[\/vc_column_text][\/vc_column][\/vc_row][vc_row css_animation=&#8221;&#8221; row_type=&#8221;row&#8221; use_row_as_full_screen_section=&#8221;no&#8221; type=&#8221;full_width&#8221; angled_section=&#8221;no&#8221; text_align=&#8221;left&#8221; background_image_as_pattern=&#8221;without_pattern&#8221;][vc_column][vc_column_text]<\/p>\n<h4 style=\"text-align: center;\"><strong>Tanto para as estadias profissionais quanto para passeios tur\u00edsticos,<\/strong><\/h4>\n<h4 style=\"text-align: center;\"><strong>voc\u00ea vai desfrutar de todos servi\u00e7os dispon\u00edveis:<\/strong><\/h4>\n<p style=\"text-align: center;\">\u25cf Check-in: 14h \u25cf Check-out: 11h \u25cf<\/p>\n<p style=\"text-align: center;\">\u25cf WIFI gratuito \u25cf TV Tela plana com canais via sat\u00e9lite \u25cf<\/p>\n<p style=\"text-align: center;\">\u25cf Banheiro com secador de cabelo \u25cf Ar-condicionado\/aquecedor individual \u25cf Vidros duplos \u25cf Cofre no quarto \u25cf<\/p>\n<p style=\"text-align: center;\">\u25cf caf\u00e9 da manh\u00e3 no quarto mediante pedido e sem custo adicional \u25cf<\/p>\n<p style=\"text-align: center;\">\u25cf Servi\u00e7o de guarda-bagagens \u25cf Possibilidade de servi\u00e7o externo de lavanderia \u25cf<\/p>\n<p style=\"text-align: center;\">\u25cf Pequenos animais s\u00e3o aceitos mediante pedido \u25cf<\/p>\n<p>[\/vc_column_text][vc_empty_space][\/vc_column][\/vc_row]<\/p>\n","protected":false},"excerpt":{"rendered":"<p>[vc_row css_animation=&#8221;&#8221; row_type=&#8221;row&#8221; use_row_as_full_screen_section=&#8221;no&#8221; type=&#8221;grid&#8221; angled_section=&#8221;no&#8221; text_align=&#8221;center&#8221; background_image_as_pattern=&#8221;without_pattern&#8221; padding_top=&#8221;82&#8243; padding_bottom=&#8221;50&#8243; css=&#8221;.vc_custom_1547021711312{margin-bottom: 0px !important;padding-bottom: 0px !important;}&#8221; z_index=&#8221;&#8221;][vc_column offset=&#8221;vc_col-lg-offset-2 vc_col-lg-8 vc_col-md-offset-1 vc_col-md-10&#8243;][vc_column_text] HOT\u00c9IS FERTEL PARIS [\/vc_column_text][vc_separator type=&#8221;transparent&#8221; up=&#8221;20&#8243; down=&#8221;0&#8243;][vc_column_text] Dois hot\u00e9is familiares parisienses onde reina harmonia, conforto, modernidade e cordialidade. &nbsp; Nossas equipes da recep\u00e7\u00e3o recebem e orientam voc\u00ea em franc\u00eas, ingl\u00eas e espanhol durante sua estadia em Paris. &nbsp; Inteiramente para n\u00e3o-fumantes, nossos hot\u00e9is s\u00e3o acess\u00edveis \u00e0s pessoas com mobilidade reduzida. &nbsp; Nossos caf\u00e9s da manh\u00e3 buffet s\u00e3o servidos todos os dias das 7h \u00e0s 10h: suco de frutas, caf\u00e9, ch\u00e1, chocolate quente, frutas frescas, p\u00e3es e folhados, queijos, leite, iogurtes, cereais, compotas e salada de frutas. [\/vc_column_text][vc_empty_space][\/vc_column][\/vc_row][vc_row css_animation=&#8221;&#8221; row_type=&#8221;row&#8221; use_row_as_full_screen_section=&#8221;no&#8221; type=&#8221;grid&#8221; angled_section=&#8221;no&#8221; text_align=&#8221;center&#8221; background_image_as_pattern=&#8221;without_pattern&#8221; padding_top=&#8221;82&#8243; padding_bottom=&#8221;50&#8243; css=&#8221;.vc_custom_1547021721069{margin-top: 20px !important;padding-top: 0px !important;}&#8221; z_index=&#8221;&#8221;][vc_column width=&#8221;1\/2&#8243; offset=&#8221;vc_col-lg-6 vc_col-md-6&#8243;][vc_column_text] HOTEL FERTEL ETOILE PARIS \u2605\u2605\u2605 [\/vc_column_text][vc_separator type=&#8221;transparent&#8221; up=&#8221;20&#8243; down=&#8221;0&#8243;][vc_single_image image=&#8221;15500&#8243; img_size=&#8221;full&#8221; onclick=&#8221;custom_link&#8221; qode_css_animation=&#8221;&#8221; link=&#8221;https:\/\/www.hotelfertel.com\/pt-br\/hotel-fertel-etoile-paris\/&#8221;][vc_separator type=&#8221;transparent&#8221; up=&#8221;20&#8243; down=&#8221;0&#8243;][vc_column_text] No cora\u00e7\u00e3o do 17\u00ba distrito, o Hotel Fertel&#8230;<\/p>\n","protected":false},"author":1,"featured_media":0,"parent":0,"menu_order":0,"comment_status":"open","ping_status":"open","template":"full_width.php","meta":{"footnotes":""},"class_list":["post-16100","page","type-page","status-publish","hentry"],"yoast_head":"<!-- This site is optimized with the Yoast SEO plugin v27.3 - https:\/\/yoast.com\/product\/yoast-seo-wordpress\/ -->\n<title>Home - H\u00f4tels Fertel<\/title>\n<meta name=\"robots\" content=\"index, follow, max-snippet:-1, max-image-preview:large, max-video-preview:-1\" \/>\n<link rel=\"canonical\" href=\"https:\/\/www.hotelfertel.com\/pt-br\/\" \/>\n<meta property=\"og:locale\" content=\"pt_BR\" \/>\n<meta property=\"og:type\" content=\"article\" \/>\n<meta property=\"og:title\" content=\"Home - H\u00f4tels Fertel\" \/>\n<meta property=\"og:description\" content=\"[vc_row css_animation=&#8221;&#8221; row_type=&#8221;row&#8221; use_row_as_full_screen_section=&#8221;no&#8221; type=&#8221;grid&#8221; angled_section=&#8221;no&#8221; text_align=&#8221;center&#8221; background_image_as_pattern=&#8221;without_pattern&#8221; padding_top=&#8221;82&#8243; padding_bottom=&#8221;50&#8243; css=&#8221;.vc_custom_1547021711312{margin-bottom: 0px !important;padding-bottom: 0px !important;}&#8221; z_index=&#8221;&#8221;][vc_column offset=&#8221;vc_col-lg-offset-2 vc_col-lg-8 vc_col-md-offset-1 vc_col-md-10&#8243;][vc_column_text] HOT\u00c9IS FERTEL PARIS [\/vc_column_text][vc_separator type=&#8221;transparent&#8221; up=&#8221;20&#8243; down=&#8221;0&#8243;][vc_column_text] Dois hot\u00e9is familiares parisienses onde reina harmonia, conforto, modernidade e cordialidade. &nbsp; Nossas equipes da recep\u00e7\u00e3o recebem e orientam voc\u00ea em franc\u00eas, ingl\u00eas e espanhol durante sua estadia em Paris. &nbsp; Inteiramente para n\u00e3o-fumantes, nossos hot\u00e9is s\u00e3o acess\u00edveis \u00e0s pessoas com mobilidade reduzida. &nbsp; Nossos caf\u00e9s da manh\u00e3 buffet s\u00e3o servidos todos os dias das 7h \u00e0s 10h: suco de frutas, caf\u00e9, ch\u00e1, chocolate quente, frutas frescas, p\u00e3es e folhados, queijos, leite, iogurtes, cereais, compotas e salada de frutas. [\/vc_column_text][vc_empty_space][\/vc_column][\/vc_row][vc_row css_animation=&#8221;&#8221; row_type=&#8221;row&#8221; use_row_as_full_screen_section=&#8221;no&#8221; type=&#8221;grid&#8221; angled_section=&#8221;no&#8221; text_align=&#8221;center&#8221; background_image_as_pattern=&#8221;without_pattern&#8221; padding_top=&#8221;82&#8243; padding_bottom=&#8221;50&#8243; css=&#8221;.vc_custom_1547021721069{margin-top: 20px !important;padding-top: 0px !important;}&#8221; z_index=&#8221;&#8221;][vc_column width=&#8221;1\/2&#8243; offset=&#8221;vc_col-lg-6 vc_col-md-6&#8243;][vc_column_text] HOTEL FERTEL ETOILE PARIS \u2605\u2605\u2605 [\/vc_column_text][vc_separator type=&#8221;transparent&#8221; up=&#8221;20&#8243; down=&#8221;0&#8243;][vc_single_image image=&#8221;15500&#8243; img_size=&#8221;full&#8221; onclick=&#8221;custom_link&#8221; qode_css_animation=&#8221;&#8221; link=&#8221;https:\/\/www.hotelfertel.com\/pt-br\/hotel-fertel-etoile-paris\/&#8221;][vc_separator type=&#8221;transparent&#8221; up=&#8221;20&#8243; down=&#8221;0&#8243;][vc_column_text] No cora\u00e7\u00e3o do 17\u00ba distrito, o Hotel Fertel...\" \/>\n<meta property=\"og:url\" content=\"https:\/\/www.hotelfertel.com\/pt-br\/\" \/>\n<meta property=\"og:site_name\" content=\"H\u00f4tels Fertel\" \/>\n<meta property=\"article:modified_time\" content=\"2020-01-10T05:46:55+00:00\" \/>\n<meta name=\"twitter:card\" content=\"summary_large_image\" \/>\n<meta name=\"twitter:label1\" content=\"Est. tempo de leitura\" \/>\n\t<meta name=\"twitter:data1\" content=\"3 minutos\" \/>\n<script type=\"application\/ld+json\" class=\"yoast-schema-graph\">{\"@context\":\"https:\\\/\\\/schema.org\",\"@graph\":[{\"@type\":\"WebPage\",\"@id\":\"https:\\\/\\\/www.hotelfertel.com\\\/pt-br\\\/\",\"url\":\"https:\\\/\\\/www.hotelfertel.com\\\/pt-br\\\/\",\"name\":\"Home - H\u00f4tels Fertel\",\"isPartOf\":{\"@id\":\"https:\\\/\\\/www.hotelfertel.com\\\/#website\"},\"datePublished\":\"2015-05-12T12:22:45+00:00\",\"dateModified\":\"2020-01-10T05:46:55+00:00\",\"breadcrumb\":{\"@id\":\"https:\\\/\\\/www.hotelfertel.com\\\/pt-br\\\/#breadcrumb\"},\"inLanguage\":\"pt-BR\",\"potentialAction\":[{\"@type\":\"ReadAction\",\"target\":[\"https:\\\/\\\/www.hotelfertel.com\\\/pt-br\\\/\"]}]},{\"@type\":\"BreadcrumbList\",\"@id\":\"https:\\\/\\\/www.hotelfertel.com\\\/pt-br\\\/#breadcrumb\",\"itemListElement\":[{\"@type\":\"ListItem\",\"position\":1,\"name\":\"Accueil\",\"item\":\"https:\\\/\\\/www.hotelfertel.com\\\/pt-br\\\/\"},{\"@type\":\"ListItem\",\"position\":2,\"name\":\"Home\"}]},{\"@type\":\"WebSite\",\"@id\":\"https:\\\/\\\/www.hotelfertel.com\\\/#website\",\"url\":\"https:\\\/\\\/www.hotelfertel.com\\\/\",\"name\":\"H\u00f4tels Fertel\",\"description\":\"H\u00f4tels 3 \u00e9toiles \u00e0 Paris proche de l&#039;Eoile et la Porte Maillot\",\"potentialAction\":[{\"@type\":\"SearchAction\",\"target\":{\"@type\":\"EntryPoint\",\"urlTemplate\":\"https:\\\/\\\/www.hotelfertel.com\\\/?s={search_term_string}\"},\"query-input\":{\"@type\":\"PropertyValueSpecification\",\"valueRequired\":true,\"valueName\":\"search_term_string\"}}],\"inLanguage\":\"pt-BR\"}]}<\/script>\n<!-- \/ Yoast SEO plugin. -->","yoast_head_json":{"title":"Home - H\u00f4tels Fertel","robots":{"index":"index","follow":"follow","max-snippet":"max-snippet:-1","max-image-preview":"max-image-preview:large","max-video-preview":"max-video-preview:-1"},"canonical":"https:\/\/www.hotelfertel.com\/pt-br\/","og_locale":"pt_BR","og_type":"article","og_title":"Home - H\u00f4tels Fertel","og_description":"[vc_row css_animation=&#8221;&#8221; row_type=&#8221;row&#8221; use_row_as_full_screen_section=&#8221;no&#8221; type=&#8221;grid&#8221; angled_section=&#8221;no&#8221; text_align=&#8221;center&#8221; background_image_as_pattern=&#8221;without_pattern&#8221; padding_top=&#8221;82&#8243; padding_bottom=&#8221;50&#8243; css=&#8221;.vc_custom_1547021711312{margin-bottom: 0px !important;padding-bottom: 0px !important;}&#8221; z_index=&#8221;&#8221;][vc_column offset=&#8221;vc_col-lg-offset-2 vc_col-lg-8 vc_col-md-offset-1 vc_col-md-10&#8243;][vc_column_text] HOT\u00c9IS FERTEL PARIS [\/vc_column_text][vc_separator type=&#8221;transparent&#8221; up=&#8221;20&#8243; down=&#8221;0&#8243;][vc_column_text] Dois hot\u00e9is familiares parisienses onde reina harmonia, conforto, modernidade e cordialidade. &nbsp; Nossas equipes da recep\u00e7\u00e3o recebem e orientam voc\u00ea em franc\u00eas, ingl\u00eas e espanhol durante sua estadia em Paris. &nbsp; Inteiramente para n\u00e3o-fumantes, nossos hot\u00e9is s\u00e3o acess\u00edveis \u00e0s pessoas com mobilidade reduzida. &nbsp; Nossos caf\u00e9s da manh\u00e3 buffet s\u00e3o servidos todos os dias das 7h \u00e0s 10h: suco de frutas, caf\u00e9, ch\u00e1, chocolate quente, frutas frescas, p\u00e3es e folhados, queijos, leite, iogurtes, cereais, compotas e salada de frutas. [\/vc_column_text][vc_empty_space][\/vc_column][\/vc_row][vc_row css_animation=&#8221;&#8221; row_type=&#8221;row&#8221; use_row_as_full_screen_section=&#8221;no&#8221; type=&#8221;grid&#8221; angled_section=&#8221;no&#8221; text_align=&#8221;center&#8221; background_image_as_pattern=&#8221;without_pattern&#8221; padding_top=&#8221;82&#8243; padding_bottom=&#8221;50&#8243; css=&#8221;.vc_custom_1547021721069{margin-top: 20px !important;padding-top: 0px !important;}&#8221; z_index=&#8221;&#8221;][vc_column width=&#8221;1\/2&#8243; offset=&#8221;vc_col-lg-6 vc_col-md-6&#8243;][vc_column_text] HOTEL FERTEL ETOILE PARIS \u2605\u2605\u2605 [\/vc_column_text][vc_separator type=&#8221;transparent&#8221; up=&#8221;20&#8243; down=&#8221;0&#8243;][vc_single_image image=&#8221;15500&#8243; img_size=&#8221;full&#8221; onclick=&#8221;custom_link&#8221; qode_css_animation=&#8221;&#8221; link=&#8221;https:\/\/www.hotelfertel.com\/pt-br\/hotel-fertel-etoile-paris\/&#8221;][vc_separator type=&#8221;transparent&#8221; up=&#8221;20&#8243; down=&#8221;0&#8243;][vc_column_text] No cora\u00e7\u00e3o do 17\u00ba distrito, o Hotel Fertel...","og_url":"https:\/\/www.hotelfertel.com\/pt-br\/","og_site_name":"H\u00f4tels Fertel","article_modified_time":"2020-01-10T05:46:55+00:00","twitter_card":"summary_large_image","twitter_misc":{"Est. tempo de leitura":"3 minutos"},"schema":{"@context":"https:\/\/schema.org","@graph":[{"@type":"WebPage","@id":"https:\/\/www.hotelfertel.com\/pt-br\/","url":"https:\/\/www.hotelfertel.com\/pt-br\/","name":"Home - H\u00f4tels Fertel","isPartOf":{"@id":"https:\/\/www.hotelfertel.com\/#website"},"datePublished":"2015-05-12T12:22:45+00:00","dateModified":"2020-01-10T05:46:55+00:00","breadcrumb":{"@id":"https:\/\/www.hotelfertel.com\/pt-br\/#breadcrumb"},"inLanguage":"pt-BR","potentialAction":[{"@type":"ReadAction","target":["https:\/\/www.hotelfertel.com\/pt-br\/"]}]},{"@type":"BreadcrumbList","@id":"https:\/\/www.hotelfertel.com\/pt-br\/#breadcrumb","itemListElement":[{"@type":"ListItem","position":1,"name":"Accueil","item":"https:\/\/www.hotelfertel.com\/pt-br\/"},{"@type":"ListItem","position":2,"name":"Home"}]},{"@type":"WebSite","@id":"https:\/\/www.hotelfertel.com\/#website","url":"https:\/\/www.hotelfertel.com\/","name":"H\u00f4tels Fertel","description":"H\u00f4tels 3 \u00e9toiles \u00e0 Paris proche de l&#039;Eoile et la Porte Maillot","potentialAction":[{"@type":"SearchAction","target":{"@type":"EntryPoint","urlTemplate":"https:\/\/www.hotelfertel.com\/?s={search_term_string}"},"query-input":{"@type":"PropertyValueSpecification","valueRequired":true,"valueName":"search_term_string"}}],"inLanguage":"pt-BR"}]}},"_links":{"self":[{"href":"https:\/\/www.hotelfertel.com\/pt-br\/wp-json\/wp\/v2\/pages\/16100","targetHints":{"allow":["GET"]}}],"collection":[{"href":"https:\/\/www.hotelfertel.com\/pt-br\/wp-json\/wp\/v2\/pages"}],"about":[{"href":"https:\/\/www.hotelfertel.com\/pt-br\/wp-json\/wp\/v2\/types\/page"}],"author":[{"embeddable":true,"href":"https:\/\/www.hotelfertel.com\/pt-br\/wp-json\/wp\/v2\/users\/1"}],"replies":[{"embeddable":true,"href":"https:\/\/www.hotelfertel.com\/pt-br\/wp-json\/wp\/v2\/comments?post=16100"}],"version-history":[{"count":4,"href":"https:\/\/www.hotelfertel.com\/pt-br\/wp-json\/wp\/v2\/pages\/16100\/revisions"}],"predecessor-version":[{"id":16265,"href":"https:\/\/www.hotelfertel.com\/pt-br\/wp-json\/wp\/v2\/pages\/16100\/revisions\/16265"}],"wp:attachment":[{"href":"https:\/\/www.hotelfertel.com\/pt-br\/wp-json\/wp\/v2\/media?parent=16100"}],"curies":[{"name":"wp","href":"https:\/\/api.w.org\/{rel}","templated":true}]}}