{"id":16099,"date":"2015-05-12T12:22:45","date_gmt":"2015-05-12T12:22:45","guid":{"rendered":"http:\/\/www.hotelfertel.com\/new\/home\/"},"modified":"2020-01-10T06:45:56","modified_gmt":"2020-01-10T05:45:56","slug":"home","status":"publish","type":"page","link":"https:\/\/www.hotelfertel.com\/en\/","title":{"rendered":"Home"},"content":{"rendered":"<p>[vc_row css_animation=&#8221;&#8221; row_type=&#8221;row&#8221; use_row_as_full_screen_section=&#8221;no&#8221; type=&#8221;grid&#8221; angled_section=&#8221;no&#8221; text_align=&#8221;center&#8221; background_image_as_pattern=&#8221;without_pattern&#8221; padding_top=&#8221;82&#8243; padding_bottom=&#8221;50&#8243; css=&#8221;.vc_custom_1547021711312{margin-bottom: 0px !important;padding-bottom: 0px !important;}&#8221; z_index=&#8221;&#8221;][vc_column offset=&#8221;vc_col-lg-offset-2 vc_col-lg-8 vc_col-md-offset-1 vc_col-md-10&#8243;][vc_column_text]<\/p>\n<h4 style=\"text-align: center;\"><strong>FERTEL HOTELS PARIS<\/strong><\/h4>\n<p>[\/vc_column_text][vc_separator type=&#8221;transparent&#8221; up=&#8221;20&#8243; down=&#8221;0&#8243;][vc_column_text]<\/p>\n<h4 style=\"text-align: center;\"><strong>Two family-run hotels<\/strong><\/h4>\n<h4 style=\"text-align: center;\"><strong>where harmony, comfort, style and hospitality reign.<\/strong><\/h4>\n<p>&nbsp;<\/p>\n<p style=\"text-align: center;\">Our friendly reception teams will provide assistance in French, English and Spanish throughout your break in Paris.<\/p>\n<p>&nbsp;<\/p>\n<p style=\"text-align: center;\">Our non-smoking hotels are suitable for disabled guests.<\/p>\n<p>&nbsp;<\/p>\n<p style=\"text-align: center;\">Our breakfast buffets are served daily from 7am to 10am:<\/p>\n<p style=\"text-align: center;\">fruit juice, coffee, tea, hot chocolate, fresh fruit, pastries, cheese, dairy products,<\/p>\n<p style=\"text-align: center;\">cereal, compote and fruit salad.<\/p>\n<p>[\/vc_column_text][vc_empty_space][\/vc_column][\/vc_row][vc_row css_animation=&#8221;&#8221; row_type=&#8221;row&#8221; use_row_as_full_screen_section=&#8221;no&#8221; type=&#8221;grid&#8221; angled_section=&#8221;no&#8221; text_align=&#8221;center&#8221; background_image_as_pattern=&#8221;without_pattern&#8221; padding_top=&#8221;82&#8243; padding_bottom=&#8221;50&#8243; css=&#8221;.vc_custom_1547021721069{margin-top: 20px !important;padding-top: 0px !important;}&#8221; z_index=&#8221;&#8221;][vc_column width=&#8221;1\/2&#8243; offset=&#8221;vc_col-lg-6 vc_col-md-6&#8243;][vc_column_text]<\/p>\n<h3 style=\"text-align: center;\"><a href=\"https:\/\/www.hotelfertel.com\/en\/hotel-fertel-etoile-paris\/\">HOTEL FERTEL ETOILE PARIS<\/a><\/h3>\n<h3 style=\"text-align: center;\">\u2605\u2605\u2605<\/h3>\n<p>[\/vc_column_text][vc_separator type=&#8221;transparent&#8221; up=&#8221;20&#8243; down=&#8221;0&#8243;][vc_single_image image=&#8221;15500&#8243; img_size=&#8221;full&#8221; onclick=&#8221;custom_link&#8221; qode_css_animation=&#8221;&#8221; link=&#8221;https:\/\/www.hotelfertel.com\/en\/hotel-fertel-etoile-paris\/&#8221;][vc_separator type=&#8221;transparent&#8221; up=&#8221;20&#8243; down=&#8221;0&#8243;][vc_column_text]<\/p>\n<p style=\"text-align: justify;\">The 3* Hotel Fertel Etoile lies in the heart of the 17th arrondissement with a prime location just a stone&#8217;s throw from Place de l\u2019Etoile, the Arc-de-Triomphe and the legendary Avenue des Champs-Elys\u00e9es.<\/p>\n<p style=\"text-align: justify;\">A charming hotel with 51 rooms in a bustling shopping area. Experience Paris like a Parisian.<\/p>\n<p>[\/vc_column_text][\/vc_column][vc_column width=&#8221;1\/2&#8243;][vc_column_text]<\/p>\n<h3 style=\"text-align: center;\"><a href=\"https:\/\/www.hotelfertel.com\/en\/hotel-fertel-maillot-paris\/\">HOTEL FERTEL MAILLOT PARIS<\/a><\/h3>\n<h3 style=\"text-align: center;\">\u2605\u2605\u2605<\/h3>\n<p>[\/vc_column_text][vc_separator type=&#8221;transparent&#8221; up=&#8221;20&#8243; down=&#8221;0&#8243;][vc_single_image image=&#8221;15535&#8243; img_size=&#8221;full&#8221; onclick=&#8221;custom_link&#8221; qode_css_animation=&#8221;&#8221; link=&#8221;https:\/\/www.hotelfertel.com\/en\/hotel-fertel-maillot-paris\/&#8221;][vc_separator type=&#8221;transparent&#8221; up=&#8221;20&#8243; down=&#8221;0&#8243;][vc_column_text]<\/p>\n<p style=\"text-align: justify;\">The 3* Hotel Fertel Maillot lies in the heart of the 17th arrondissement in a residential area just a stone&#8217;s throw from the Porte Maillot Palais des Congr\u00e8s, Arc-de-Triomphe and shops on the Champs-Elys\u00e9es.<\/p>\n<p style=\"text-align: justify;\">The bright and freshly renovated hotel has 35 rooms decorated with Paris rooftop views by the artist Chantal Cyprien.<\/p>\n<p>[\/vc_column_text][\/vc_column][\/vc_row][vc_row css_animation=&#8221;&#8221; row_type=&#8221;row&#8221; use_row_as_full_screen_section=&#8221;no&#8221; type=&#8221;full_width&#8221; angled_section=&#8221;no&#8221; text_align=&#8221;left&#8221; background_image_as_pattern=&#8221;without_pattern&#8221;][vc_column][vc_column_text]<\/p>\n<h4 style=\"text-align: center;\"><strong>You\u2019ll enjoy the services provided<\/strong><\/h4>\n<h4 style=\"text-align: center;\">whether you&#8217;re here for business or pleasure:<\/h4>\n<p>&nbsp;<\/p>\n<p style=\"text-align: center;\">\u25cf Check-in: 2pm \u25cf Check-out: 11am \u25cf<\/p>\n<p style=\"text-align: center;\">\u25cf Free Wi-Fi \u25cf Flat-screen satellite TV \u25cf<\/p>\n<p style=\"text-align: center;\">\u25cf Bathroom with hairdryer \u25cf Air-conditioning\/Heating \u25cf Double glazing \u25cf In-room safe \u25cf<\/p>\n<p style=\"text-align: center;\">\u25cf Continental breakfast room service at no extra charge on request \u25cf<\/p>\n<p style=\"text-align: center;\">\u25cf Luggage storage facility \u25cf External dry cleaning service available \u25cf<\/p>\n<p style=\"text-align: center;\">\u25cf Small pets allowed on request \u25cf<\/p>\n<p>[\/vc_column_text][vc_empty_space][\/vc_column][\/vc_row]<\/p>\n","protected":false},"excerpt":{"rendered":"<p>[vc_row css_animation=&#8221;&#8221; row_type=&#8221;row&#8221; use_row_as_full_screen_section=&#8221;no&#8221; type=&#8221;grid&#8221; angled_section=&#8221;no&#8221; text_align=&#8221;center&#8221; background_image_as_pattern=&#8221;without_pattern&#8221; padding_top=&#8221;82&#8243; padding_bottom=&#8221;50&#8243; css=&#8221;.vc_custom_1547021711312{margin-bottom: 0px !important;padding-bottom: 0px !important;}&#8221; z_index=&#8221;&#8221;][vc_column offset=&#8221;vc_col-lg-offset-2 vc_col-lg-8 vc_col-md-offset-1 vc_col-md-10&#8243;][vc_column_text] FERTEL HOTELS PARIS [\/vc_column_text][vc_separator type=&#8221;transparent&#8221; up=&#8221;20&#8243; down=&#8221;0&#8243;][vc_column_text] Two family-run hotels where harmony, comfort, style and hospitality reign. &nbsp; Our friendly reception teams will provide assistance in French, English and Spanish throughout your break in Paris. &nbsp; Our non-smoking hotels are suitable for disabled guests. &nbsp; Our breakfast buffets are served daily from 7am to 10am: fruit juice, coffee, tea, hot chocolate, fresh fruit, pastries, cheese, dairy products, cereal, compote and fruit salad. [\/vc_column_text][vc_empty_space][\/vc_column][\/vc_row][vc_row css_animation=&#8221;&#8221; row_type=&#8221;row&#8221; use_row_as_full_screen_section=&#8221;no&#8221; type=&#8221;grid&#8221; angled_section=&#8221;no&#8221; text_align=&#8221;center&#8221; background_image_as_pattern=&#8221;without_pattern&#8221; padding_top=&#8221;82&#8243; padding_bottom=&#8221;50&#8243; css=&#8221;.vc_custom_1547021721069{margin-top: 20px !important;padding-top: 0px !important;}&#8221; z_index=&#8221;&#8221;][vc_column width=&#8221;1\/2&#8243; offset=&#8221;vc_col-lg-6 vc_col-md-6&#8243;][vc_column_text] HOTEL FERTEL ETOILE PARIS \u2605\u2605\u2605 [\/vc_column_text][vc_separator type=&#8221;transparent&#8221; up=&#8221;20&#8243; down=&#8221;0&#8243;][vc_single_image image=&#8221;15500&#8243; img_size=&#8221;full&#8221; onclick=&#8221;custom_link&#8221; qode_css_animation=&#8221;&#8221; link=&#8221;https:\/\/www.hotelfertel.com\/en\/hotel-fertel-etoile-paris\/&#8221;][vc_separator type=&#8221;transparent&#8221; up=&#8221;20&#8243; down=&#8221;0&#8243;][vc_column_text] The 3* Hotel Fertel Etoile lies in the heart of the 17th arrondissement with a prime location just a stone&#8217;s throw from&#8230;<\/p>\n","protected":false},"author":1,"featured_media":0,"parent":0,"menu_order":0,"comment_status":"open","ping_status":"open","template":"full_width.php","meta":{"footnotes":""},"class_list":["post-16099","page","type-page","status-publish","hentry"],"yoast_head":"<!-- This site is optimized with the Yoast SEO plugin v27.3 - https:\/\/yoast.com\/product\/yoast-seo-wordpress\/ -->\n<title>Home - H\u00f4tels Fertel<\/title>\n<meta name=\"robots\" content=\"index, follow, max-snippet:-1, max-image-preview:large, max-video-preview:-1\" \/>\n<link rel=\"canonical\" href=\"https:\/\/www.hotelfertel.com\/en\/\" \/>\n<meta property=\"og:locale\" content=\"en_US\" \/>\n<meta property=\"og:type\" content=\"article\" \/>\n<meta property=\"og:title\" content=\"Home - H\u00f4tels Fertel\" \/>\n<meta property=\"og:description\" content=\"[vc_row css_animation=&#8221;&#8221; row_type=&#8221;row&#8221; use_row_as_full_screen_section=&#8221;no&#8221; type=&#8221;grid&#8221; angled_section=&#8221;no&#8221; text_align=&#8221;center&#8221; background_image_as_pattern=&#8221;without_pattern&#8221; padding_top=&#8221;82&#8243; padding_bottom=&#8221;50&#8243; css=&#8221;.vc_custom_1547021711312{margin-bottom: 0px !important;padding-bottom: 0px !important;}&#8221; z_index=&#8221;&#8221;][vc_column offset=&#8221;vc_col-lg-offset-2 vc_col-lg-8 vc_col-md-offset-1 vc_col-md-10&#8243;][vc_column_text] FERTEL HOTELS PARIS [\/vc_column_text][vc_separator type=&#8221;transparent&#8221; up=&#8221;20&#8243; down=&#8221;0&#8243;][vc_column_text] Two family-run hotels where harmony, comfort, style and hospitality reign. &nbsp; Our friendly reception teams will provide assistance in French, English and Spanish throughout your break in Paris. &nbsp; Our non-smoking hotels are suitable for disabled guests. &nbsp; Our breakfast buffets are served daily from 7am to 10am: fruit juice, coffee, tea, hot chocolate, fresh fruit, pastries, cheese, dairy products, cereal, compote and fruit salad. [\/vc_column_text][vc_empty_space][\/vc_column][\/vc_row][vc_row css_animation=&#8221;&#8221; row_type=&#8221;row&#8221; use_row_as_full_screen_section=&#8221;no&#8221; type=&#8221;grid&#8221; angled_section=&#8221;no&#8221; text_align=&#8221;center&#8221; background_image_as_pattern=&#8221;without_pattern&#8221; padding_top=&#8221;82&#8243; padding_bottom=&#8221;50&#8243; css=&#8221;.vc_custom_1547021721069{margin-top: 20px !important;padding-top: 0px !important;}&#8221; z_index=&#8221;&#8221;][vc_column width=&#8221;1\/2&#8243; offset=&#8221;vc_col-lg-6 vc_col-md-6&#8243;][vc_column_text] HOTEL FERTEL ETOILE PARIS \u2605\u2605\u2605 [\/vc_column_text][vc_separator type=&#8221;transparent&#8221; up=&#8221;20&#8243; down=&#8221;0&#8243;][vc_single_image image=&#8221;15500&#8243; img_size=&#8221;full&#8221; onclick=&#8221;custom_link&#8221; qode_css_animation=&#8221;&#8221; link=&#8221;https:\/\/www.hotelfertel.com\/en\/hotel-fertel-etoile-paris\/&#8221;][vc_separator type=&#8221;transparent&#8221; up=&#8221;20&#8243; down=&#8221;0&#8243;][vc_column_text] The 3* Hotel Fertel Etoile lies in the heart of the 17th arrondissement with a prime location just a stone&#8217;s throw from...\" \/>\n<meta property=\"og:url\" content=\"https:\/\/www.hotelfertel.com\/en\/\" \/>\n<meta property=\"og:site_name\" content=\"H\u00f4tels Fertel\" \/>\n<meta property=\"article:modified_time\" content=\"2020-01-10T05:45:56+00:00\" \/>\n<meta name=\"twitter:card\" content=\"summary_large_image\" \/>\n<meta name=\"twitter:label1\" content=\"Est. reading time\" \/>\n\t<meta name=\"twitter:data1\" content=\"3 minutes\" \/>\n<script type=\"application\/ld+json\" class=\"yoast-schema-graph\">{\"@context\":\"https:\\\/\\\/schema.org\",\"@graph\":[{\"@type\":\"WebPage\",\"@id\":\"https:\\\/\\\/www.hotelfertel.com\\\/en\\\/\",\"url\":\"https:\\\/\\\/www.hotelfertel.com\\\/en\\\/\",\"name\":\"Home - H\u00f4tels Fertel\",\"isPartOf\":{\"@id\":\"https:\\\/\\\/www.hotelfertel.com\\\/#website\"},\"datePublished\":\"2015-05-12T12:22:45+00:00\",\"dateModified\":\"2020-01-10T05:45:56+00:00\",\"breadcrumb\":{\"@id\":\"https:\\\/\\\/www.hotelfertel.com\\\/en\\\/#breadcrumb\"},\"inLanguage\":\"en-US\",\"potentialAction\":[{\"@type\":\"ReadAction\",\"target\":[\"https:\\\/\\\/www.hotelfertel.com\\\/en\\\/\"]}]},{\"@type\":\"BreadcrumbList\",\"@id\":\"https:\\\/\\\/www.hotelfertel.com\\\/en\\\/#breadcrumb\",\"itemListElement\":[{\"@type\":\"ListItem\",\"position\":1,\"name\":\"Accueil\",\"item\":\"https:\\\/\\\/www.hotelfertel.com\\\/en\\\/\"},{\"@type\":\"ListItem\",\"position\":2,\"name\":\"Home\"}]},{\"@type\":\"WebSite\",\"@id\":\"https:\\\/\\\/www.hotelfertel.com\\\/#website\",\"url\":\"https:\\\/\\\/www.hotelfertel.com\\\/\",\"name\":\"H\u00f4tels Fertel\",\"description\":\"H\u00f4tels 3 \u00e9toiles \u00e0 Paris proche de l&#039;Eoile et la Porte Maillot\",\"potentialAction\":[{\"@type\":\"SearchAction\",\"target\":{\"@type\":\"EntryPoint\",\"urlTemplate\":\"https:\\\/\\\/www.hotelfertel.com\\\/?s={search_term_string}\"},\"query-input\":{\"@type\":\"PropertyValueSpecification\",\"valueRequired\":true,\"valueName\":\"search_term_string\"}}],\"inLanguage\":\"en-US\"}]}<\/script>\n<!-- \/ Yoast SEO plugin. -->","yoast_head_json":{"title":"Home - H\u00f4tels Fertel","robots":{"index":"index","follow":"follow","max-snippet":"max-snippet:-1","max-image-preview":"max-image-preview:large","max-video-preview":"max-video-preview:-1"},"canonical":"https:\/\/www.hotelfertel.com\/en\/","og_locale":"en_US","og_type":"article","og_title":"Home - H\u00f4tels Fertel","og_description":"[vc_row css_animation=&#8221;&#8221; row_type=&#8221;row&#8221; use_row_as_full_screen_section=&#8221;no&#8221; type=&#8221;grid&#8221; angled_section=&#8221;no&#8221; text_align=&#8221;center&#8221; background_image_as_pattern=&#8221;without_pattern&#8221; padding_top=&#8221;82&#8243; padding_bottom=&#8221;50&#8243; css=&#8221;.vc_custom_1547021711312{margin-bottom: 0px !important;padding-bottom: 0px !important;}&#8221; z_index=&#8221;&#8221;][vc_column offset=&#8221;vc_col-lg-offset-2 vc_col-lg-8 vc_col-md-offset-1 vc_col-md-10&#8243;][vc_column_text] FERTEL HOTELS PARIS [\/vc_column_text][vc_separator type=&#8221;transparent&#8221; up=&#8221;20&#8243; down=&#8221;0&#8243;][vc_column_text] Two family-run hotels where harmony, comfort, style and hospitality reign. &nbsp; Our friendly reception teams will provide assistance in French, English and Spanish throughout your break in Paris. &nbsp; Our non-smoking hotels are suitable for disabled guests. &nbsp; Our breakfast buffets are served daily from 7am to 10am: fruit juice, coffee, tea, hot chocolate, fresh fruit, pastries, cheese, dairy products, cereal, compote and fruit salad. [\/vc_column_text][vc_empty_space][\/vc_column][\/vc_row][vc_row css_animation=&#8221;&#8221; row_type=&#8221;row&#8221; use_row_as_full_screen_section=&#8221;no&#8221; type=&#8221;grid&#8221; angled_section=&#8221;no&#8221; text_align=&#8221;center&#8221; background_image_as_pattern=&#8221;without_pattern&#8221; padding_top=&#8221;82&#8243; padding_bottom=&#8221;50&#8243; css=&#8221;.vc_custom_1547021721069{margin-top: 20px !important;padding-top: 0px !important;}&#8221; z_index=&#8221;&#8221;][vc_column width=&#8221;1\/2&#8243; offset=&#8221;vc_col-lg-6 vc_col-md-6&#8243;][vc_column_text] HOTEL FERTEL ETOILE PARIS \u2605\u2605\u2605 [\/vc_column_text][vc_separator type=&#8221;transparent&#8221; up=&#8221;20&#8243; down=&#8221;0&#8243;][vc_single_image image=&#8221;15500&#8243; img_size=&#8221;full&#8221; onclick=&#8221;custom_link&#8221; qode_css_animation=&#8221;&#8221; link=&#8221;https:\/\/www.hotelfertel.com\/en\/hotel-fertel-etoile-paris\/&#8221;][vc_separator type=&#8221;transparent&#8221; up=&#8221;20&#8243; down=&#8221;0&#8243;][vc_column_text] The 3* Hotel Fertel Etoile lies in the heart of the 17th arrondissement with a prime location just a stone&#8217;s throw from...","og_url":"https:\/\/www.hotelfertel.com\/en\/","og_site_name":"H\u00f4tels Fertel","article_modified_time":"2020-01-10T05:45:56+00:00","twitter_card":"summary_large_image","twitter_misc":{"Est. reading time":"3 minutes"},"schema":{"@context":"https:\/\/schema.org","@graph":[{"@type":"WebPage","@id":"https:\/\/www.hotelfertel.com\/en\/","url":"https:\/\/www.hotelfertel.com\/en\/","name":"Home - H\u00f4tels Fertel","isPartOf":{"@id":"https:\/\/www.hotelfertel.com\/#website"},"datePublished":"2015-05-12T12:22:45+00:00","dateModified":"2020-01-10T05:45:56+00:00","breadcrumb":{"@id":"https:\/\/www.hotelfertel.com\/en\/#breadcrumb"},"inLanguage":"en-US","potentialAction":[{"@type":"ReadAction","target":["https:\/\/www.hotelfertel.com\/en\/"]}]},{"@type":"BreadcrumbList","@id":"https:\/\/www.hotelfertel.com\/en\/#breadcrumb","itemListElement":[{"@type":"ListItem","position":1,"name":"Accueil","item":"https:\/\/www.hotelfertel.com\/en\/"},{"@type":"ListItem","position":2,"name":"Home"}]},{"@type":"WebSite","@id":"https:\/\/www.hotelfertel.com\/#website","url":"https:\/\/www.hotelfertel.com\/","name":"H\u00f4tels Fertel","description":"H\u00f4tels 3 \u00e9toiles \u00e0 Paris proche de l&#039;Eoile et la Porte Maillot","potentialAction":[{"@type":"SearchAction","target":{"@type":"EntryPoint","urlTemplate":"https:\/\/www.hotelfertel.com\/?s={search_term_string}"},"query-input":{"@type":"PropertyValueSpecification","valueRequired":true,"valueName":"search_term_string"}}],"inLanguage":"en-US"}]}},"_links":{"self":[{"href":"https:\/\/www.hotelfertel.com\/en\/wp-json\/wp\/v2\/pages\/16099","targetHints":{"allow":["GET"]}}],"collection":[{"href":"https:\/\/www.hotelfertel.com\/en\/wp-json\/wp\/v2\/pages"}],"about":[{"href":"https:\/\/www.hotelfertel.com\/en\/wp-json\/wp\/v2\/types\/page"}],"author":[{"embeddable":true,"href":"https:\/\/www.hotelfertel.com\/en\/wp-json\/wp\/v2\/users\/1"}],"replies":[{"embeddable":true,"href":"https:\/\/www.hotelfertel.com\/en\/wp-json\/wp\/v2\/comments?post=16099"}],"version-history":[{"count":8,"href":"https:\/\/www.hotelfertel.com\/en\/wp-json\/wp\/v2\/pages\/16099\/revisions"}],"predecessor-version":[{"id":16264,"href":"https:\/\/www.hotelfertel.com\/en\/wp-json\/wp\/v2\/pages\/16099\/revisions\/16264"}],"wp:attachment":[{"href":"https:\/\/www.hotelfertel.com\/en\/wp-json\/wp\/v2\/media?parent=16099"}],"curies":[{"name":"wp","href":"https:\/\/api.w.org\/{rel}","templated":true}]}}